{"id":269,"date":"2015-10-26T17:24:48","date_gmt":"2015-10-26T16:24:48","guid":{"rendered":"http:\/\/whisky.haggy.info\/?page_id=269"},"modified":"2018-04-16T16:24:17","modified_gmt":"2018-04-16T14:24:17","slug":"tastings","status":"publish","type":"page","link":"https:\/\/whisky.haggy.info\/?page_id=269","title":{"rendered":"Tastings"},"content":{"rendered":"<p><a href=\"?cat=29\"><span style=\"text-decoration: underline;\"><strong>2018.1<\/strong><\/span><\/a><\/p>\n<p><a href=\"?cat=28\"><span style=\"text-decoration: underline;\"><strong>2017.2<\/strong><\/span><\/a><\/p>\n<p><a href=\"?cat=27\"><span style=\"text-decoration: underline;\"><strong>2017.1<\/strong><\/span><\/a><\/p>\n<p><a href=\"?cat=25\"><span style=\"text-decoration: underline;\"><strong>2016.4<\/strong><\/span><\/a><\/p>\n<p><a href=\"?cat=24\"><span style=\"text-decoration: underline;\"><strong>2016.3<\/strong><\/span><\/a><br \/>\nFast in Urbesetzung und unter dem Motto &#8222;It&#8217;s all finnished&#8220; haben Dietrich, Ingo, Julia, Lars und ich uns zum Herbsttasting getroffen. Dieses Mal haben wir und nur Tropfen ausgesucht, die mindestens Fasst\u00e4rke haben. Eine besondere Herausforderung f\u00fcr den Gaumen. Wir begannen mit dem <a href=\"http:\/\/whisky.haggy.info\/?p=517\">Dun Bheagan<\/a>. Ein guter Starter der ausgewogen und nicht kratzig ist. Leider bekam er auch das Urteil &#8222;Gut zum aromatisieren von Geb\u00e4ck oder Kuchen geeignet&#8220;. Die Konkurrenz war dann einfach zu stark. Der <a href=\"http:\/\/whisky.haggy.info\/?p=510\">BenRiach<\/a> wusste auf Anhieb durch seinen Rauch und die \u00f6lige Note zu \u00fcberzeugen. Feine Kr\u00e4uternuancen taten ihr \u00dcbriges, dass er ganz vorne landete. Der sehr rauchige <a href=\"http:\/\/whisky.haggy.info\/?p=517\">Mortlach<\/a> sowie der torfige <a href=\"http:\/\/whisky.haggy.info\/?p=513\">Longrow<\/a> k\u00f6nnten leider gar nicht \u00fcberzeugen, da sie ausschlie\u00dflich mit den genannten Elementen spielten. Solide, mehr auch nicht. Eine echte \u00dcberraschung war der <a href=\"http:\/\/whisky.haggy.info\/?p=515\">Arran<\/a> der mit nur 7 Jahren eine wundervolle Bandbreite an Rauch, S\u00fc\u00dfe, und Fr\u00fcchten aufwies und sich eine Spitzenposition sicherte. Schwedische Kraft und St\u00e4rke wusste der <a href=\"http:\/\/whisky.haggy.info\/?p=518\">Mackmyra<\/a> zu pr\u00e4sentieren, was leider den meisten zu viel war. Mit Wasser wurde er ruhiger lie\u00df sich aber nicht mehr entlocken. Das langte nur f\u00fcr das Mittelfeld. Als einziger Nichteurop\u00e4er warf der <a href=\"http:\/\/whisky.haggy.info\/?p=519\">Amrut<\/a> wieder mit Kawumm und Sherry um sich. Mehr kann er auch nicht, aber das unvergleichlich! Das Rennen dieses Mal macht eindeutig der <a href=\"http:\/\/whisky.haggy.info\/?p=516\">Glen Garioch<\/a>. Weiche Cherrynoten und s\u00fc\u00dfe Zitrusnoten verzauberten den Gaumen. Der rauchige Abgang rundeten das Erlebnis ab und formten einen w\u00fcrdigen Sieger. <\/p>\n<p><a href=\"?cat=22\"><span style=\"text-decoration: underline;\"><strong>2016.2 (Postbank)<\/strong><\/span><\/a><br \/>\nEin kleines und feines Tasting f\u00fcr die Kollegen aus der Postbank. Thema &#8222;Whisky ist nicht Whisk(e)y&#8220;. Andreas, Dietrich, Olli, Kai und ich haben uns ein kleines LineUp zusammengestellt um die Vielf\u00e4ltigkeit von Whisk(e)y herauszufinden. Den Start bildeten der <a href=\"http:\/\/whisky.haggy.info\/?p=436\">Scapa<\/a>, ein unaufgeregter, solider aber leider etwas zu gef\u00e4lliger Schotte und der weiche, sehr runde und ausgewogene Japaner <a href=\"http:\/\/whisky.haggy.info\/?p=438\">Yamazaki<\/a>. Beide waren gut, aber wussten nicht zu \u00fcberzeugen und so landeten sie beinahe Punktgleich auf den letzten Pl\u00e4tzen. Der <a href=\"http:\/\/whisky.haggy.info\/?p=439\">Writers Tears<\/a>, als einziger Ire im Feld, punktete mit warmen Gaumenumarmungen und fruchtigem Geruch musste sich aber aufgrund der seiner jungen Ungest\u00fcmheit mit dem unteren Mittelfeld zufrieden geben. Als \u00dcberraschung platzierte sich der indische <a href=\"http:\/\/whisky.haggy.info\/?p=440\">Amrut<\/a> im oberen Feld mit seiner extrem kr\u00e4ftigen Cherrynote und orientalischem\u00a0Kawumm. Auf dem dritten Platz tummelt sich ein alter Hase. Der <a href=\"http:\/\/whisky.haggy.info\/?p=443\">Lagavulin<\/a> wu\u00dfte geschickt mit seiner Rauchnote zu punkten und erfreute den Gaumen mit tollen Lagerfeuernoten. Die Silbermedaille, wie so oft, holte sich der <a href=\"http:\/\/whisky.haggy.info\/?p=441\">Sloupisti<\/a> aus dem Spreewald. Seine 65% setzt er geschickt ein um den Gaumen mit seiner ganzen Vielfalt zu verzaubert. Wie kaum ein anderer Whisky schafft er es jedesmal, das man neue Nuancen entdeckt. Platz 1, der Favorit. Wenn er dabei ist, dann r\u00e4umt er ab. Der <a href=\"http:\/\/whisky.haggy.info\/?p=450\">Edradour<\/a> geht als Sieger von Platz. Das\u00a0Chateauneuf Finish, der feine und stilvolle Geruch oder der mollig warme Abgang suchen ihresgleichen.<\/p>\n<p><a href=\"?cat=21\"><span style=\"text-decoration: underline;\"><strong>2016.1<\/strong><\/span><\/a><br \/>\nUnter dem Motto &#8222;Check The Underdogs&#8220; haben Julia, Lars, Lutz, Olli, Michael und ich uns im ersten Tasting 2016 den weniger bekannten Whisk(e)ys gewidmet. Den europ\u00e4ischen Kontinent haben wir dieses Mal nicht verlassen und uns auf 3 L\u00e4nder beschr\u00e4nkt. 3 aus Deutschland, 3 aus Schottland und einen aus Irland. Den Anfang macht der <a href=\"http:\/\/whisky.haggy.info\/?p=400\">Badische<\/a>, der bei niemandem \u00fcberzeugte. Zu wild und unreif. Ein \u00e4hnliches Urteil musste der <a href=\"http:\/\/whisky.haggy.info\/?p=413\">Slyers<\/a> \u00fcber sich ergehen lassen. So war es wenig verwunderlich dass diese Beiden abgeschlagen auf den letzten Pl\u00e4tzen landeten. Lediglich der <a href=\"http:\/\/whisky.haggy.info\/?p=409\">Heinz Eggert<\/a> konnte ein wenig \u00fcberzeugen und landete im Mittelfeld. <a href=\"http:\/\/whisky.haggy.info\/?p=406\">The Deveron<\/a> versuchte durch seine fruchtigen Noten zu Punkten, war aber dann doch zu gef\u00e4llig und wurde dadurch auf die hinteren Pl\u00e4tze verwiesen. Die Pl\u00e4tze 2 und 3 machten zwei Schotten unter sich aus. Der s\u00fc\u00dfe Blend <a href=\"http:\/\/whisky.haggy.info\/?p=404\">Rock Oyster<\/a> wurde nur knapp vom fruchtigen, 22 j\u00e4hrigen <a href=\"http:\/\/whisky.haggy.info\/?p=416\">Dram<\/a> geschlagen. Hier zeigten die Schotten mal wieder ihr ganzes K\u00f6nnen. Zwei v\u00f6llig unterschiedliche Whiskys, beide auf ihre Art sehr toll entfachten eine wahre Geschmacksexplosion bei uns. Unangefochten auf Platz 1 landete der einzige Ire im Feld. Der 10 j\u00e4hrige <a href=\"http:\/\/whisky.haggy.info\/?p=411\">Hyde<\/a> faszinierte durch seinen samtig weichen Geruch und einem warmen frischen Geschmack um mittendrin mit einem ordendlichen Wumms zu \u00fcberraschen.<div class=\"fb-post wptime-fb-post-embed\" data-href=\"https:\/\/www.facebook.com\/julia.niemeyer.18\/posts\/10206071429279813\" style=\"margin-bottom:30px;\"><\/div><\/p>\n<p><a href=\"?cat=15\"><span style=\"text-decoration: underline;\"><strong>2015.2<\/strong><\/span><\/a><br \/>\nDanke an Andreas, Bastian, Lars, Lutz und Olli. Ein\u00a0Herbsttasting in neuer Location. Das hat wiedermal richtig Spa\u00df gemacht. 10 tolle Whisk(e)ys haben wir uns ausgesucht. Die Geschmacksknospen wurde zu H\u00f6chstleistungen animiert.\u00a0So gab <a href=\"http:\/\/whisky.haggy.info\/?p=242\">Stephan&#8217;s Choise<\/a> allen ein R\u00e4tsel auf, wer er eigentlich sein m\u00f6chte, und\u00a0landete dadurch nur im Mittelfeld. Einig waren wir uns beim <a href=\"http:\/\/whisky.haggy.info\/?p=244\">Armut<\/a> das dieser\u00a0zu brachial w\u00e4re und auch nach dem Abklingen noch kurzzeitig wieder kommt.\u00a0Wie Lutz so treffend bemerkte &#8222;Oh, da isser wieder und er hat eine Erdnuss mitgebracht&#8220;. Der <a href=\"http:\/\/whisky.haggy.info\/?p=239\">Sloupisti<\/a> \u00fcberraschte durch seine 65% Alkohol welche er gut zu verstecken wei\u00df und daf\u00fcr mit Gaumenfreuden gl\u00e4nzt. Als \u00dcberraschung tat sich der <a href=\"http:\/\/whisky.haggy.info\/?p=245\">Caol Ila<\/a> auf. Ein g\u00fcnstiger Whisky der gleich 4 hochpreisige Whiskys hinter sich lies.\u00a0Der <a href=\"http:\/\/whisky.haggy.info\/?p=241\">Edradour<\/a> spielte erwartungsgem\u00e4\u00df wieder ganz vorne mit. Als gro\u00dfe Entt\u00e4uschung muss man leider den <a href=\"http:\/\/whisky.haggy.info\/?p=243\">Akashi<\/a> erw\u00e4hnen, der auf ganzer Linie Federn lies und den gro\u00dfen Hoffnungen nicht gerecht werden konnte. <a href=\"http:\/\/whisky.haggy.info\/?p=240\">Writers Tears<\/a> und <a href=\"http:\/\/whisky.haggy.info\/?p=246\">Langatun<\/a> sind solide Whisk(e)ys. Leider war die Konkurrenz zu stark. Unangefochten das Rennen hat der <a href=\"http:\/\/whisky.haggy.info\/?p=236\">Ben Nevis<\/a> gemacht, einfach gut.\u00a0Der <a href=\"http:\/\/whisky.haggy.info\/?p=238\">Cask Islay<\/a> litt unter der B\u00fcrde des ersten Kandidaten und schnitt naturgem\u00e4\u00df schlecht ab. Leider auch so schlecht das er mit Abstand Letzer wurde.<\/p>\n","protected":false},"excerpt":{"rendered":"<p>2018.1 2017.2 2017.1 2016.4 2016.3 Fast in Urbesetzung und unter dem Motto &#8222;It&#8217;s all finnished&#8220; haben&hellip;<\/p>\n","protected":false},"author":4,"featured_media":0,"parent":0,"menu_order":0,"comment_status":"closed","ping_status":"closed","template":"","meta":{"footnotes":""},"class_list":["post-269","page","type-page","status-publish","hentry"],"wppr_data":{"cwp_meta_box_check":"No","cwp_rev_product_name":"","cwp_rev_product_image":"","cwp_image_link":"image","cwp_rev_price":""},"_links":{"self":[{"href":"https:\/\/whisky.haggy.info\/index.php?rest_route=\/wp\/v2\/pages\/269","targetHints":{"allow":["GET"]}}],"collection":[{"href":"https:\/\/whisky.haggy.info\/index.php?rest_route=\/wp\/v2\/pages"}],"about":[{"href":"https:\/\/whisky.haggy.info\/index.php?rest_route=\/wp\/v2\/types\/page"}],"author":[{"embeddable":true,"href":"https:\/\/whisky.haggy.info\/index.php?rest_route=\/wp\/v2\/users\/4"}],"replies":[{"embeddable":true,"href":"https:\/\/whisky.haggy.info\/index.php?rest_route=%2Fwp%2Fv2%2Fcomments&post=269"}],"version-history":[{"count":30,"href":"https:\/\/whisky.haggy.info\/index.php?rest_route=\/wp\/v2\/pages\/269\/revisions"}],"predecessor-version":[{"id":714,"href":"https:\/\/whisky.haggy.info\/index.php?rest_route=\/wp\/v2\/pages\/269\/revisions\/714"}],"wp:attachment":[{"href":"https:\/\/whisky.haggy.info\/index.php?rest_route=%2Fwp%2Fv2%2Fmedia&parent=269"}],"curies":[{"name":"wp","href":"https:\/\/api.w.org\/{rel}","templated":true}]}}